{"id":8174,"date":"2022-04-19T14:36:43","date_gmt":"2022-04-19T12:36:43","guid":{"rendered":"https:\/\/www.automacz.cz\/?page_id=8174"},"modified":"2024-01-30T10:51:09","modified_gmt":"2024-01-30T09:51:09","slug":"souhlas-se-zasilanim-obchodnich-sdeleni","status":"publish","type":"page","link":"https:\/\/www.automacz.cz\/en\/souhlas-se-zasilanim-obchodnich-sdeleni\/","title":{"rendered":"Souhlas se zas\u00edl\u00e1n\u00edm obchodn\u00edch sd\u011blen\u00ed"},"content":{"rendered":"<p>V\u00a0p\u0159\u00edpad\u011b, \u017ee na webu <a href=\"https:\/\/www.automacz.cz\/en\/\">www.automacz.cz<\/a> vypln\u00edte n\u011bkter\u00fd z\u00a0kontaktn\u00edch formul\u00e1\u0159\u016f a jeho prost\u0159ednictv\u00edm ode\u0161lete provozovateli tohoto webu va\u0161e kontaktn\u00ed \u00fadaje, vyjad\u0159ujete t\u00edmto v\u00e1\u0161 souhlas s\u00a0t\u00edm, aby provozovatel webu \u2013 jako spr\u00e1vce \u2013 vyu\u017e\u00edval tyto v\u00e1mi zadan\u00e9 osobn\u00ed \u00fadaje pro \u00fa\u010dely zas\u00edl\u00e1n\u00ed obchodn\u00edch sd\u011blen\u00ed dle <a href=\"https:\/\/www.automacz.cz\/en\/ochrana-osobnich-udaju\/\">zde popsan\u00fdch podm\u00ednek<\/a>.<\/p>\n<p>&nbsp;<\/p>\n<h3>Rozsah zpracov\u00e1n\u00ed osobn\u00edch \u00fadaj\u016f<\/h3>\n<p>Spr\u00e1vce bude zpracov\u00e1vat osobn\u00ed \u00fadaje v\u00a0rozsahu zve\u0159ejn\u011bn\u00fdch formul\u00e1\u0159\u016f, do nich\u017e va\u0161e osobn\u00ed \u00fadaje sami zad\u00e1te; tj. zejm\u00e9na va\u0161e jm\u00e9no a p\u0159\u00edjmen\u00ed, v\u00e1\u0161 e-mail, va\u0161e telefonn\u00ed \u010d\u00edslo, datum odesl\u00e1n\u00ed va\u0161\u00ed zpr\u00e1vy a p\u0159\u00edpadn\u011b tak\u00e9 IP adresu, ze kter\u00e9 byla va\u0161e \u017e\u00e1dost zasl\u00e1na.<\/p>\n<p>&nbsp;<\/p>\n<h3>Purpose of the processing of personal data<\/h3>\n<p>M\u00e1 se za to, \u017ee vypln\u011bn\u00edm kontaktn\u00edho formul\u00e1\u0159e z\u00a0va\u0161\u00ed strany vyjad\u0159ujete sv\u016fj z\u00e1jem, aby v\u00e1s provozovatel webu kontaktoval \u2013 nap\u0159\u00edklad v\u00a0souvislosti s\u00a0nab\u00eddkou produkt\u016f a slu\u017eeb, nab\u00eddkou pr\u00e1ce apod. Tyto osobn\u00ed \u00fadaje tedy zpracov\u00e1v\u00e1me pro \u00fa\u010dely p\u0159\u00edm\u00e9ho marketingu na z\u00e1klad\u011b va\u0161eho souhlasu.<\/p>\n<p>&nbsp;<\/p>\n<h3>Duration of processing of personal data<\/h3>\n<p>V\u00e1\u0161 souhlas se zpracov\u00e1n\u00edm osobn\u00edch \u00fadaj\u016f n\u00e1m ud\u011blujete na dobu 5 let, p\u0159i\u010dem\u017e po tuto dobu m\u00e1te pr\u00e1vo v\u00e1\u0161 souhlas kdykoliv odvolat. Odvol\u00e1n\u00ed souhlasu je mo\u017en\u00e9 prov\u00e9st zasl\u00e1n\u00edm po\u017eadavku na e-mail <a href=\"mailto:info@automacz.cz\">info@automacz.cz<\/a> nebo n\u00e1s kontaktujte p\u00edsemn\u011b na adrese AutomaCZ, s.r.o., Neb\u0159ehovice 39, 386 01 Strakonice.<\/p>\n<p>Provozovatelem webu <a href=\"https:\/\/www.automacz.cz\/en\/\">www.automacz.cz<\/a> je Automa CZ, s.r.o., I\u010cO: 07933291.<\/p>\n<p>&nbsp;<\/p>","protected":false},"excerpt":{"rendered":"<p>V\u00a0p\u0159\u00edpad\u011b, \u017ee na webu www.automacz.cz vypln\u00edte n\u011bkter\u00fd z\u00a0kontaktn\u00edch formul\u00e1\u0159\u016f a jeho prost\u0159ednictv\u00edm ode\u0161lete provozovateli tohoto webu va\u0161e kontaktn\u00ed \u00fadaje, vyjad\u0159ujete t\u00edmto v\u00e1\u0161 souhlas s\u00a0t\u00edm, aby provozovatel webu \u2013 jako spr\u00e1vce \u2013 vyu\u017e\u00edval tyto v\u00e1mi zadan\u00e9 osobn\u00ed \u00fadaje pro \u00fa\u010dely zas\u00edl\u00e1n\u00ed obchodn\u00edch sd\u011blen\u00ed dle zde popsan\u00fdch podm\u00ednek. &nbsp; Rozsah zpracov\u00e1n\u00ed osobn\u00edch \u00fadaj\u016f Spr\u00e1vce bude zpracov\u00e1vat osobn\u00ed [&hellip;]<\/p>","protected":false},"author":2,"featured_media":0,"parent":0,"menu_order":0,"comment_status":"closed","ping_status":"closed","template":"","meta":{"_acf_changed":false,"_monsterinsights_skip_tracking":false,"_monsterinsights_sitenote_active":false,"_monsterinsights_sitenote_note":"","_monsterinsights_sitenote_category":0,"pgc_sgb_lightbox_settings":"","footnotes":""},"class_list":["post-8174","page","type-page","status-publish","hentry"],"acf":[],"aioseo_notices":[],"_links":{"self":[{"href":"https:\/\/www.automacz.cz\/en\/wp-json\/wp\/v2\/pages\/8174","targetHints":{"allow":["GET"]}}],"collection":[{"href":"https:\/\/www.automacz.cz\/en\/wp-json\/wp\/v2\/pages"}],"about":[{"href":"https:\/\/www.automacz.cz\/en\/wp-json\/wp\/v2\/types\/page"}],"author":[{"embeddable":true,"href":"https:\/\/www.automacz.cz\/en\/wp-json\/wp\/v2\/users\/2"}],"replies":[{"embeddable":true,"href":"https:\/\/www.automacz.cz\/en\/wp-json\/wp\/v2\/comments?post=8174"}],"version-history":[{"count":0,"href":"https:\/\/www.automacz.cz\/en\/wp-json\/wp\/v2\/pages\/8174\/revisions"}],"wp:attachment":[{"href":"https:\/\/www.automacz.cz\/en\/wp-json\/wp\/v2\/media?parent=8174"}],"curies":[{"name":"wp","href":"https:\/\/api.w.org\/{rel}","templated":true}]}}